{"id":989,"date":"2023-02-27T11:19:30","date_gmt":"2023-02-27T11:19:30","guid":{"rendered":"https:\/\/gestisafe.ch\/test\/?page_id=989"},"modified":"2026-04-29T08:53:59","modified_gmt":"2026-04-29T08:53:59","slug":"informazioni","status":"publish","type":"page","link":"https:\/\/gestisafe.ch\/de\/informazioni\/","title":{"rendered":"Informationen"},"content":{"rendered":"<div data-elementor-type=\"wp-page\" data-elementor-id=\"989\" class=\"elementor elementor-989\" data-elementor-post-type=\"page\">\n\t\t\t\t\t\t<section data-exline-parallax=\"{&quot;type&quot;:&quot;scroll&quot;,&quot;speed&quot;:&quot;0.2&quot;,&quot;imgsize&quot;:&quot;cover&quot;,&quot;imgsrc&quot;:&quot;https:\/\/gestisafe.ch\/wp-content\/uploads\/2023\/02\/PAGINE_GS-07.png&quot;,&quot;mobile&quot;:&quot;&quot;}\" class=\"elementor-section elementor-top-section elementor-element elementor-element-46dee5b7 elementor-section-height-min-height elementor-section-content-middle exline-parallax jarallax parallax-yes elementor-section-boxed elementor-section-height-default elementor-section-items-middle\" data-id=\"46dee5b7\" data-element_type=\"section\" id=\"home\" data-settings=\"{&quot;background_background&quot;:&quot;classic&quot;}\">\n\t\t\t\t\t\t\t<div class=\"elementor-background-overlay\"><\/div>\n\t\t\t\t\t\t\t<div class=\"elementor-container elementor-column-gap-default\">\n\t\t\t\t\t<div class=\"elementor-column elementor-col-100 elementor-top-column elementor-element elementor-element-31640a6\" data-id=\"31640a6\" data-element_type=\"column\">\n\t\t\t<div class=\"elementor-widget-wrap elementor-element-populated\">\n\t\t\t\t\t\t<div class=\"elementor-element elementor-element-4405e7f9 elementor-invisible elementor-widget elementor-widget-heading\" data-id=\"4405e7f9\" data-element_type=\"widget\" data-settings=\"{&quot;_animation&quot;:&quot;fadeInUp&quot;,&quot;_animation_delay&quot;:1250}\" data-widget_type=\"heading.default\">\n\t\t\t\t<div class=\"elementor-widget-container\">\n\t\t\t\t\t<h1 class=\"elementor-heading-title elementor-size-default\">N\u00fctzliche Informationen<\/h1>\t\t\t\t<\/div>\n\t\t\t\t<\/div>\n\t\t\t\t<div class=\"elementor-element elementor-element-40b89d2 animated-slow elementor-absolute elementor-invisible elementor-widget elementor-widget-html\" data-id=\"40b89d2\" data-element_type=\"widget\" data-settings=\"{&quot;_animation&quot;:&quot;fadeInUp&quot;,&quot;_animation_delay&quot;:1750,&quot;_position&quot;:&quot;absolute&quot;}\" data-widget_type=\"html.default\">\n\t\t\t\t<div class=\"elementor-widget-container\">\n\t\t\t\t\t<a href=\"#about\" data-start=\"display: block\" data-100-start=\"display: none\" class=\"btn-scroll-down scroll skrollable skrollable-between\" style=\"display: block;position:relative;top:0;\"><\/a>\t\t\t\t<\/div>\n\t\t\t\t<\/div>\n\t\t\t\t\t<\/div>\n\t\t<\/div>\n\t\t\t\t\t<\/div>\n\t\t<\/section>\n\t\t\t\t<div class=\"elementor-section elementor-top-section elementor-element elementor-element-261d0e84 elementor-section-boxed elementor-section-height-default elementor-section-height-default\" data-id=\"261d0e84\" data-element_type=\"section\" id=\"services\" data-settings=\"{&quot;background_background&quot;:&quot;classic&quot;}\">\n\t\t\t\t\t\t<div class=\"elementor-container elementor-column-gap-default\">\n\t\t\t\t\t<div class=\"elementor-column elementor-col-100 elementor-top-column elementor-element elementor-element-78c36e2\" data-id=\"78c36e2\" data-element_type=\"column\">\n\t\t\t<div class=\"elementor-widget-wrap elementor-element-populated\">\n\t\t\t\t\t\t<div class=\"elementor-element elementor-element-61b76fd elementor-widget elementor-widget-heading\" data-id=\"61b76fd\" data-element_type=\"widget\" id=\"about\" data-widget_type=\"heading.default\">\n\t\t\t\t<div class=\"elementor-widget-container\">\n\t\t\t\t\t<h3 class=\"elementor-heading-title elementor-size-default\">Wir garantieren Sicherheit, Stabilit\u00e4t und Servicekontinuit\u00e4t dank:<\/h3>\t\t\t\t<\/div>\n\t\t\t\t<\/div>\n\t\t\t\t<div class=\"elementor-element elementor-element-acaefec elementor-align-center elementor-mobile-align-left elementor-icon-list--layout-traditional elementor-list-item-link-full_width elementor-widget elementor-widget-icon-list\" data-id=\"acaefec\" data-element_type=\"widget\" data-widget_type=\"icon-list.default\">\n\t\t\t\t<div class=\"elementor-widget-container\">\n\t\t\t\t\t\t\t<ul class=\"elementor-icon-list-items\">\n\t\t\t\t\t\t\t<li class=\"elementor-icon-list-item\">\n\t\t\t\t\t\t\t\t\t\t\t<span class=\"elementor-icon-list-icon\">\n\t\t\t\t\t\t\t<i aria-hidden=\"true\" class=\"fas fa-check\"><\/i>\t\t\t\t\t\t<\/span>\n\t\t\t\t\t\t\t\t\t\t<span class=\"elementor-icon-list-text\">\u2022 Eigene Tresorr\u00e4ume mit Schlie\u00dff\u00e4chern in der Schweiz in verschiedenen Gr\u00f6\u00dfen<\/span>\n\t\t\t\t\t\t\t\t\t<\/li>\n\t\t\t\t\t\t\t\t<li class=\"elementor-icon-list-item\">\n\t\t\t\t\t\t\t\t\t\t\t<span class=\"elementor-icon-list-icon\">\n\t\t\t\t\t\t\t<i aria-hidden=\"true\" class=\"fas fa-check\"><\/i>\t\t\t\t\t\t<\/span>\n\t\t\t\t\t\t\t\t\t\t<span class=\"elementor-icon-list-text\">\u2022 Aktienkapital von CHF 400\u2019000.<\/span>\n\t\t\t\t\t\t\t\t\t<\/li>\n\t\t\t\t\t\t\t\t<li class=\"elementor-icon-list-item\">\n\t\t\t\t\t\t\t\t\t\t\t<span class=\"elementor-icon-list-icon\">\n\t\t\t\t\t\t\t<i aria-hidden=\"true\" class=\"fas fa-check\"><\/i>\t\t\t\t\t\t<\/span>\n\t\t\t\t\t\t\t\t\t\t<span class=\"elementor-icon-list-text\">\u2022 Professionalit\u00e4t und Erfahrung seit 2009<\/span>\n\t\t\t\t\t\t\t\t\t<\/li>\n\t\t\t\t\t\t\t\t<li class=\"elementor-icon-list-item\">\n\t\t\t\t\t\t\t\t\t\t\t<span class=\"elementor-icon-list-icon\">\n\t\t\t\t\t\t\t<i aria-hidden=\"true\" class=\"fas fa-check\"><\/i>\t\t\t\t\t\t<\/span>\n\t\t\t\t\t\t\t\t\t\t<span class=\"elementor-icon-list-text\">\u2022 Kein Erfordernis zur Er\u00f6ffnung eines Bankkontos<\/span>\n\t\t\t\t\t\t\t\t\t<\/li>\n\t\t\t\t\t\t\t\t<li class=\"elementor-icon-list-item\">\n\t\t\t\t\t\t\t\t\t\t\t<span class=\"elementor-icon-list-icon\">\n\t\t\t\t\t\t\t<i aria-hidden=\"true\" class=\"fas fa-check\"><\/i>\t\t\t\t\t\t<\/span>\n\t\t\t\t\t\t\t\t\t\t<span class=\"elementor-icon-list-text\">\u2022 Die Schlie\u00dff\u00e4cher sind wie bei einer Bank versichert<\/span>\n\t\t\t\t\t\t\t\t\t<\/li>\n\t\t\t\t\t\t\t\t<li class=\"elementor-icon-list-item\">\n\t\t\t\t\t\t\t\t\t\t\t<span class=\"elementor-icon-list-icon\">\n\t\t\t\t\t\t\t<i aria-hidden=\"true\" class=\"fas fa-check\"><\/i>\t\t\t\t\t\t<\/span>\n\t\t\t\t\t\t\t\t\t\t<span class=\"elementor-icon-list-text\">\u2022 Unsere Versicherung entspricht dem Niveau eines Tresors der Klasse 1<\/span>\n\t\t\t\t\t\t\t\t\t<\/li>\n\t\t\t\t\t\t\t\t<li class=\"elementor-icon-list-item\">\n\t\t\t\t\t\t\t\t\t\t\t<span class=\"elementor-icon-list-icon\">\n\t\t\t\t\t\t\t<i aria-hidden=\"true\" class=\"fas fa-check\"><\/i>\t\t\t\t\t\t<\/span>\n\t\t\t\t\t\t\t\t\t\t<span class=\"elementor-icon-list-text\">\u2022 Zugang werktags von 8:00 bis 17:00 Uhr<\/span>\n\t\t\t\t\t\t\t\t\t<\/li>\n\t\t\t\t\t\t\t\t<li class=\"elementor-icon-list-item\">\n\t\t\t\t\t\t\t\t\t\t\t<span class=\"elementor-icon-list-icon\">\n\t\t\t\t\t\t\t<i aria-hidden=\"true\" class=\"fas fa-check\"><\/i>\t\t\t\t\t\t<\/span>\n\t\t\t\t\t\t\t\t\t\t<span class=\"elementor-icon-list-text\">Von 12:00 bis 13:00 Uhr und von 16:00 bis 17:00 Uhr nur nach vorheriger Terminvereinbarung<\/span>\n\t\t\t\t\t\t\t\t\t<\/li>\n\t\t\t\t\t\t\t\t<li class=\"elementor-icon-list-item\">\n\t\t\t\t\t\t\t\t\t\t\t<span class=\"elementor-icon-list-icon\">\n\t\t\t\t\t\t\t<i aria-hidden=\"true\" class=\"fas fa-check\"><\/i>\t\t\t\t\t\t<\/span>\n\t\t\t\t\t\t\t\t\t\t<span class=\"elementor-icon-list-text\">N\u00e4chste Feiertagsschlie\u00dfungen: 01.05 \/ 14.05 \/ 25.05 \/ 04.06 \/ 29.06<\/span>\n\t\t\t\t\t\t\t\t\t<\/li>\n\t\t\t\t\t\t<\/ul>\n\t\t\t\t\t\t<\/div>\n\t\t\t\t<\/div>\n\t\t\t\t\t<\/div>\n\t\t<\/div>\n\t\t\t\t\t<\/div>\n\t\t<\/div>\n\t\t\t\t<\/div>","protected":false},"excerpt":{"rendered":"<p>Informazioni utili Garantiamo sicurezza, stabilit\u00e0 e continuit\u00e0 del servizio grazie a: Caveau con cassette di sicurezza in Svizzera di diverse dimensioni di nostra propriet\u00e0 Capitale azionario di CHF 400\u2019000.- Professionalit\u00e0 ed esperienza dal 2009 Nessun obbligo di apertura di un conto bancario d\u2019appoggio Le cassette di sicurezza sono assicurate come presso una banca. La nostra assicurazione \u00e8 pari al livello [&hellip;]<\/p>\n","protected":false},"author":2,"featured_media":0,"parent":0,"menu_order":0,"comment_status":"closed","ping_status":"closed","template":"exline-elementor-page.php","meta":{"inline_featured_image":false,"footnotes":""},"class_list":["post-989","page","type-page","status-publish","hentry"],"yoast_head":"<!-- This site is optimized with the Yoast SEO plugin v26.0 - https:\/\/yoast.com\/wordpress\/plugins\/seo\/ -->\n<title>Informazioni - Gestisafe SA<\/title>\n<meta name=\"robots\" content=\"index, follow, max-snippet:-1, max-image-preview:large, max-video-preview:-1\" \/>\n<link rel=\"canonical\" href=\"https:\/\/gestisafe.ch\/de\/informazioni\/\" \/>\n<meta property=\"og:locale\" content=\"de_DE\" \/>\n<meta property=\"og:type\" content=\"article\" \/>\n<meta property=\"og:title\" content=\"Informazioni - Gestisafe SA\" \/>\n<meta property=\"og:description\" content=\"Informazioni utili Garantiamo sicurezza, stabilit\u00e0 e continuit\u00e0 del servizio grazie a: Caveau con cassette di sicurezza in Svizzera di diverse dimensioni di nostra propriet\u00e0 Capitale azionario di CHF 400\u2019000.- Professionalit\u00e0 ed esperienza dal 2009 Nessun obbligo di apertura di un conto bancario d\u2019appoggio Le cassette di sicurezza sono assicurate come presso una banca. La nostra assicurazione \u00e8 pari al livello [&hellip;]\" \/>\n<meta property=\"og:url\" content=\"https:\/\/gestisafe.ch\/de\/informazioni\/\" \/>\n<meta property=\"og:site_name\" content=\"Gestisafe SA\" \/>\n<meta property=\"article:modified_time\" content=\"2026-04-29T08:53:59+00:00\" \/>\n<meta name=\"twitter:card\" content=\"summary_large_image\" \/>\n<meta name=\"twitter:label1\" content=\"Gesch\u00e4tzte Lesezeit\" \/>\n\t<meta name=\"twitter:data1\" content=\"1\u00a0Minute\" \/>\n<script type=\"application\/ld+json\" class=\"yoast-schema-graph\">{\"@context\":\"https:\/\/schema.org\",\"@graph\":[{\"@type\":\"WebPage\",\"@id\":\"https:\/\/gestisafe.ch\/informazioni\/\",\"url\":\"https:\/\/gestisafe.ch\/informazioni\/\",\"name\":\"Informazioni - Gestisafe SA\",\"isPartOf\":{\"@id\":\"https:\/\/gestisafe.ch\/#website\"},\"datePublished\":\"2023-02-27T11:19:30+00:00\",\"dateModified\":\"2026-04-29T08:53:59+00:00\",\"breadcrumb\":{\"@id\":\"https:\/\/gestisafe.ch\/informazioni\/#breadcrumb\"},\"inLanguage\":\"de\",\"potentialAction\":[{\"@type\":\"ReadAction\",\"target\":[\"https:\/\/gestisafe.ch\/informazioni\/\"]}]},{\"@type\":\"BreadcrumbList\",\"@id\":\"https:\/\/gestisafe.ch\/informazioni\/#breadcrumb\",\"itemListElement\":[{\"@type\":\"ListItem\",\"position\":1,\"name\":\"Home\",\"item\":\"https:\/\/gestisafe.ch\/\"},{\"@type\":\"ListItem\",\"position\":2,\"name\":\"Informazioni\"}]},{\"@type\":\"WebSite\",\"@id\":\"https:\/\/gestisafe.ch\/#website\",\"url\":\"https:\/\/gestisafe.ch\/\",\"name\":\"Gestisafe SA\",\"description\":\"\",\"potentialAction\":[{\"@type\":\"SearchAction\",\"target\":{\"@type\":\"EntryPoint\",\"urlTemplate\":\"https:\/\/gestisafe.ch\/?s={search_term_string}\"},\"query-input\":{\"@type\":\"PropertyValueSpecification\",\"valueRequired\":true,\"valueName\":\"search_term_string\"}}],\"inLanguage\":\"de\"}]}<\/script>\n<!-- \/ Yoast SEO plugin. -->","yoast_head_json":{"title":"Informazioni - Gestisafe SA","robots":{"index":"index","follow":"follow","max-snippet":"max-snippet:-1","max-image-preview":"max-image-preview:large","max-video-preview":"max-video-preview:-1"},"canonical":"https:\/\/gestisafe.ch\/de\/informazioni\/","og_locale":"de_DE","og_type":"article","og_title":"Informazioni - Gestisafe SA","og_description":"Informazioni utili Garantiamo sicurezza, stabilit\u00e0 e continuit\u00e0 del servizio grazie a: Caveau con cassette di sicurezza in Svizzera di diverse dimensioni di nostra propriet\u00e0 Capitale azionario di CHF 400\u2019000.- Professionalit\u00e0 ed esperienza dal 2009 Nessun obbligo di apertura di un conto bancario d\u2019appoggio Le cassette di sicurezza sono assicurate come presso una banca. La nostra assicurazione \u00e8 pari al livello [&hellip;]","og_url":"https:\/\/gestisafe.ch\/de\/informazioni\/","og_site_name":"Gestisafe SA","article_modified_time":"2026-04-29T08:53:59+00:00","twitter_card":"summary_large_image","twitter_misc":{"Gesch\u00e4tzte Lesezeit":"1\u00a0Minute"},"schema":{"@context":"https:\/\/schema.org","@graph":[{"@type":"WebPage","@id":"https:\/\/gestisafe.ch\/informazioni\/","url":"https:\/\/gestisafe.ch\/informazioni\/","name":"Informazioni - Gestisafe SA","isPartOf":{"@id":"https:\/\/gestisafe.ch\/#website"},"datePublished":"2023-02-27T11:19:30+00:00","dateModified":"2026-04-29T08:53:59+00:00","breadcrumb":{"@id":"https:\/\/gestisafe.ch\/informazioni\/#breadcrumb"},"inLanguage":"de","potentialAction":[{"@type":"ReadAction","target":["https:\/\/gestisafe.ch\/informazioni\/"]}]},{"@type":"BreadcrumbList","@id":"https:\/\/gestisafe.ch\/informazioni\/#breadcrumb","itemListElement":[{"@type":"ListItem","position":1,"name":"Home","item":"https:\/\/gestisafe.ch\/"},{"@type":"ListItem","position":2,"name":"Informazioni"}]},{"@type":"WebSite","@id":"https:\/\/gestisafe.ch\/#website","url":"https:\/\/gestisafe.ch\/","name":"Gestisafe SA","description":"","potentialAction":[{"@type":"SearchAction","target":{"@type":"EntryPoint","urlTemplate":"https:\/\/gestisafe.ch\/?s={search_term_string}"},"query-input":{"@type":"PropertyValueSpecification","valueRequired":true,"valueName":"search_term_string"}}],"inLanguage":"de"}]}},"_links":{"self":[{"href":"https:\/\/gestisafe.ch\/de\/wp-json\/wp\/v2\/pages\/989","targetHints":{"allow":["GET"]}}],"collection":[{"href":"https:\/\/gestisafe.ch\/de\/wp-json\/wp\/v2\/pages"}],"about":[{"href":"https:\/\/gestisafe.ch\/de\/wp-json\/wp\/v2\/types\/page"}],"author":[{"embeddable":true,"href":"https:\/\/gestisafe.ch\/de\/wp-json\/wp\/v2\/users\/2"}],"replies":[{"embeddable":true,"href":"https:\/\/gestisafe.ch\/de\/wp-json\/wp\/v2\/comments?post=989"}],"version-history":[{"count":14,"href":"https:\/\/gestisafe.ch\/de\/wp-json\/wp\/v2\/pages\/989\/revisions"}],"predecessor-version":[{"id":1687,"href":"https:\/\/gestisafe.ch\/de\/wp-json\/wp\/v2\/pages\/989\/revisions\/1687"}],"wp:attachment":[{"href":"https:\/\/gestisafe.ch\/de\/wp-json\/wp\/v2\/media?parent=989"}],"curies":[{"name":"wp","href":"https:\/\/api.w.org\/{rel}","templated":true}]}}