{"id":955,"date":"2023-02-27T10:38:42","date_gmt":"2023-02-27T10:38:42","guid":{"rendered":"https:\/\/gestisafe.ch\/test\/?page_id=955"},"modified":"2026-05-05T10:29:34","modified_gmt":"2026-05-05T10:29:34","slug":"cassette-di-sicurezza-ticino","status":"publish","type":"page","link":"https:\/\/gestisafe.ch\/fr\/cassette-di-sicurezza-ticino\/","title":{"rendered":"Coffres-forts priv\u00e9s au Tessin"},"content":{"rendered":"<div data-elementor-type=\"wp-page\" data-elementor-id=\"955\" class=\"elementor elementor-955\" data-elementor-post-type=\"page\">\n\t\t\t\t\t\t<section data-exline-parallax=\"{&quot;type&quot;:&quot;scroll&quot;,&quot;speed&quot;:&quot;0.2&quot;,&quot;imgsize&quot;:&quot;cover&quot;,&quot;imgsrc&quot;:&quot;https:\/\/gestisafe.ch\/wp-content\/uploads\/2023\/02\/PAGINE_GS-06.png&quot;,&quot;mobile&quot;:&quot;&quot;}\" class=\"elementor-section elementor-top-section elementor-element elementor-element-46dee5b7 elementor-section-height-min-height elementor-section-content-middle exline-parallax jarallax parallax-yes elementor-section-boxed elementor-section-height-default elementor-section-items-middle\" data-id=\"46dee5b7\" data-element_type=\"section\" id=\"home\" data-settings=\"{&quot;background_background&quot;:&quot;classic&quot;}\">\n\t\t\t\t\t\t\t<div class=\"elementor-background-overlay\"><\/div>\n\t\t\t\t\t\t\t<div class=\"elementor-container elementor-column-gap-default\">\n\t\t\t\t\t<div class=\"elementor-column elementor-col-100 elementor-top-column elementor-element elementor-element-31640a6\" data-id=\"31640a6\" data-element_type=\"column\">\n\t\t\t<div class=\"elementor-widget-wrap elementor-element-populated\">\n\t\t\t\t\t\t<div class=\"elementor-element elementor-element-4405e7f9 elementor-invisible elementor-widget elementor-widget-heading\" data-id=\"4405e7f9\" data-element_type=\"widget\" data-settings=\"{&quot;_animation&quot;:&quot;fadeInUp&quot;,&quot;_animation_delay&quot;:1250}\" data-widget_type=\"heading.default\">\n\t\t\t\t<div class=\"elementor-widget-container\">\n\t\t\t\t\t<h1 class=\"elementor-heading-title elementor-size-default\">Nos Services<\/h1>\t\t\t\t<\/div>\n\t\t\t\t<\/div>\n\t\t\t\t<div class=\"elementor-element elementor-element-40b89d2 animated-slow elementor-absolute elementor-invisible elementor-widget elementor-widget-html\" data-id=\"40b89d2\" data-element_type=\"widget\" data-settings=\"{&quot;_animation&quot;:&quot;fadeInUp&quot;,&quot;_animation_delay&quot;:1750,&quot;_position&quot;:&quot;absolute&quot;}\" data-widget_type=\"html.default\">\n\t\t\t\t<div class=\"elementor-widget-container\">\n\t\t\t\t\t<a href=\"#about\" data-start=\"display: block\" data-100-start=\"display: none\" class=\"btn-scroll-down scroll skrollable skrollable-between\" style=\"display: block;position:relative;top:0;\"><\/a>\t\t\t\t<\/div>\n\t\t\t\t<\/div>\n\t\t\t\t\t<\/div>\n\t\t<\/div>\n\t\t\t\t\t<\/div>\n\t\t<\/section>\n\t\t\t\t<div class=\"elementor-section elementor-top-section elementor-element elementor-element-261d0e84 elementor-section-boxed elementor-section-height-default elementor-section-height-default\" data-id=\"261d0e84\" data-element_type=\"section\" id=\"services\" data-settings=\"{&quot;background_background&quot;:&quot;classic&quot;}\">\n\t\t\t\t\t\t<div class=\"elementor-container elementor-column-gap-default\">\n\t\t\t\t\t<div class=\"elementor-column elementor-col-100 elementor-top-column elementor-element elementor-element-78c36e2\" data-id=\"78c36e2\" data-element_type=\"column\">\n\t\t\t<div class=\"elementor-widget-wrap elementor-element-populated\">\n\t\t\t\t\t\t<div class=\"elementor-element elementor-element-61b76fd elementor-widget elementor-widget-heading\" data-id=\"61b76fd\" data-element_type=\"widget\" data-widget_type=\"heading.default\">\n\t\t\t\t<div class=\"elementor-widget-container\">\n\t\t\t\t\t<h1 class=\"elementor-heading-title elementor-size-default\">Pourquoi choisir nos coffres-forts priv\u00e9s au Tessin<\/h1>\t\t\t\t<\/div>\n\t\t\t\t<\/div>\n\t\t\t\t<div class=\"elementor-element elementor-element-c018a66 elementor-widget elementor-widget-spacer\" data-id=\"c018a66\" data-element_type=\"widget\" data-widget_type=\"spacer.default\">\n\t\t\t\t<div class=\"elementor-widget-container\">\n\t\t\t\t\t\t\t<div class=\"elementor-spacer\">\n\t\t\t<div class=\"elementor-spacer-inner\"><\/div>\n\t\t<\/div>\n\t\t\t\t\t\t<\/div>\n\t\t\t\t<\/div>\n\t\t\t\t<div class=\"elementor-element elementor-element-0295256 elementor-widget elementor-widget-text-editor\" data-id=\"0295256\" data-element_type=\"widget\" data-widget_type=\"text-editor.default\">\n\t\t\t\t<div class=\"elementor-widget-container\">\n\t\t\t\t\t\t\t\t\t<p><span class=\"s1\">Nos coffres-forts repr\u00e9sentent une solution s\u00fbre et discr\u00e8te pour la conservation de biens pr\u00e9cieux et de documents importants.\u00a0<\/span><\/p><p>\u00a0<\/p><p><span class=\"s1\">Contrairement aux coffres bancaires traditionnels, nous proposons un service ind\u00e9pendant, accessible sur rendez-vous et sans obligation d\u2019ouvrir un compte bancaire.<\/span><\/p><p><span class=\"s1\">Notre salle des coffres est con\u00e7ue avec des syst\u00e8mes de s\u00e9curit\u00e9 avanc\u00e9s, un contr\u00f4le des acc\u00e8s et une surveillance continue afin de garantir une protection maximale.<\/span><\/p><p>\u00a0<\/p><p><span class=\"s1\">Nous mettons \u00e0 disposition diff\u00e9rentes tailles de coffres-forts pour r\u00e9pondre aux besoins des particuliers et des professionnels recherchant une solution fiable au Tessin.<\/span><\/p><p>\u00a0<\/p><p><span class=\"s1\">La discr\u00e9tion est pour nous une valeur fondamentale : chaque acc\u00e8s est g\u00e9r\u00e9 selon des proc\u00e9dures strictes afin de prot\u00e9ger la confidentialit\u00e9 de nos clients.<\/span><\/p>\t\t\t\t\t\t\t\t<\/div>\n\t\t\t\t<\/div>\n\t\t\t\t<div class=\"elementor-section elementor-inner-section elementor-element elementor-element-18ee93b3 elementor-section-boxed elementor-section-height-default elementor-section-height-default\" data-id=\"18ee93b3\" data-element_type=\"section\" id=\"about\">\n\t\t\t\t\t\t<div class=\"elementor-container elementor-column-gap-default\">\n\t\t\t\t\t<div class=\"elementor-column elementor-col-33 elementor-inner-column elementor-element elementor-element-5a43662\" data-id=\"5a43662\" data-element_type=\"column\">\n\t\t\t<div class=\"elementor-widget-wrap elementor-element-populated\">\n\t\t\t\t\t\t<div class=\"elementor-element elementor-element-15500d5b elementor-widget__width-inherit elementor-widget-tablet__width-auto elementor-widget elementor-widget-exline-services-item\" data-id=\"15500d5b\" data-element_type=\"widget\" data-widget_type=\"exline-services-item.default\">\n\t\t\t\t<div class=\"elementor-widget-container\">\n\t\t\t\t\t<div class=\"service-item service--widget\"><div class=\"service-content\"><span class=\"services_icon\"><i aria-hidden=\"true\" class=\"fas fa-key\"><\/i><\/span><h5 class=\"services_title alt-font\">Coffres-forts <\/h5><div class=\"service-desc\"><p class=\"service_summary\">Acc\u00e8s de 8h00 \u00e0 17h00 De 12h00 \u00e0 13h00 et de 16h00 \u00e0 17h00 uniquement sur rendez-vous<\/p><\/div><\/div><\/div>\t\t\t\t<\/div>\n\t\t\t\t<\/div>\n\t\t\t\t\t<\/div>\n\t\t<\/div>\n\t\t\t\t<div class=\"elementor-column elementor-col-33 elementor-inner-column elementor-element elementor-element-7eca2586\" data-id=\"7eca2586\" data-element_type=\"column\">\n\t\t\t<div class=\"elementor-widget-wrap elementor-element-populated\">\n\t\t\t\t\t\t<div class=\"elementor-element elementor-element-be1675e elementor-widget-tablet__width-auto elementor-widget__width-inherit elementor-widget elementor-widget-exline-services-item\" data-id=\"be1675e\" data-element_type=\"widget\" data-widget_type=\"exline-services-item.default\">\n\t\t\t\t<div class=\"elementor-widget-container\">\n\t\t\t\t\t<div class=\"service-item service--widget\"><div class=\"service-content\"><span class=\"services_icon\"><i aria-hidden=\"true\" class=\"fas fa-expand-arrows-alt\"><\/i><\/span><h5 class=\"services_title alt-font\">Diff\u00e9rentes tailles <\/h5><div class=\"service-desc\"><p class=\"service_summary\">Notre offre va des petits compartiments pour les objets de faible volume jusqu\u2019aux armoires scell\u00e9es pour des besoins de stockage plus importants.<\/p><\/div><\/div><\/div>\t\t\t\t<\/div>\n\t\t\t\t<\/div>\n\t\t\t\t\t<\/div>\n\t\t<\/div>\n\t\t\t\t<div class=\"elementor-column elementor-col-33 elementor-inner-column elementor-element elementor-element-52bc2ebf\" data-id=\"52bc2ebf\" data-element_type=\"column\">\n\t\t\t<div class=\"elementor-widget-wrap elementor-element-populated\">\n\t\t\t\t\t\t<div class=\"elementor-element elementor-element-6cfe1576 elementor-widget-tablet__width-auto elementor-widget__width-inherit elementor-widget elementor-widget-exline-services-item\" data-id=\"6cfe1576\" data-element_type=\"widget\" data-widget_type=\"exline-services-item.default\">\n\t\t\t\t<div class=\"elementor-widget-container\">\n\t\t\t\t\t<div class=\"service-item service--widget\"><div class=\"service-content\"><span class=\"services_icon\"><i aria-hidden=\"true\" class=\"fas fa-video\"><\/i><\/span><h5 class=\"services_title alt-font\">Vid\u00e9o-surveillance 24h\/7<\/h5><div class=\"service-desc\"><p class=\"service_summary\"> La surveillance est assur\u00e9e 365 jours par an pour vous garantir la s\u00e9curit\u00e9 maximale dont vous avez besoin.<\/p><\/div><\/div><\/div>\t\t\t\t<\/div>\n\t\t\t\t<\/div>\n\t\t\t\t\t<\/div>\n\t\t<\/div>\n\t\t\t\t\t<\/div>\n\t\t<\/div>\n\t\t\t\t<div class=\"elementor-section elementor-inner-section elementor-element elementor-element-27bba77 elementor-section-boxed elementor-section-height-default elementor-section-height-default\" data-id=\"27bba77\" data-element_type=\"section\">\n\t\t\t\t\t\t<div class=\"elementor-container elementor-column-gap-default\">\n\t\t\t\t\t<div class=\"elementor-column elementor-col-33 elementor-inner-column elementor-element elementor-element-4f5a3471\" data-id=\"4f5a3471\" data-element_type=\"column\">\n\t\t\t<div class=\"elementor-widget-wrap elementor-element-populated\">\n\t\t\t\t\t\t<div class=\"elementor-element elementor-element-5cee1d45 elementor-widget-tablet__width-auto elementor-widget__width-inherit elementor-widget elementor-widget-exline-services-item\" data-id=\"5cee1d45\" data-element_type=\"widget\" data-widget_type=\"exline-services-item.default\">\n\t\t\t\t<div class=\"elementor-widget-container\">\n\t\t\t\t\t<div class=\"service-item service--widget\"><div class=\"service-content\"><span class=\"services_icon\"><i aria-hidden=\"true\" class=\"fas fa-fire-extinguisher\"><\/i><\/span><h5 class=\"services_title alt-font\">D\u00e9tecteur d\u2019incendie et d\u2019intrusion<\/h5><div class=\"service-desc\"><p class=\"service_summary\"> Nos d\u00e9tecteurs d\u2019incendie et d\u2019intrusion sont garantis 24h\/24, 365 jours par an.<\/p><\/div><\/div><\/div>\t\t\t\t<\/div>\n\t\t\t\t<\/div>\n\t\t\t\t\t<\/div>\n\t\t<\/div>\n\t\t\t\t<div class=\"elementor-column elementor-col-33 elementor-inner-column elementor-element elementor-element-65994f60\" data-id=\"65994f60\" data-element_type=\"column\">\n\t\t\t<div class=\"elementor-widget-wrap elementor-element-populated\">\n\t\t\t\t\t\t<div class=\"elementor-element elementor-element-6cf02bc0 elementor-widget-tablet__width-auto elementor-widget__width-inherit elementor-widget elementor-widget-exline-services-item\" data-id=\"6cf02bc0\" data-element_type=\"widget\" data-widget_type=\"exline-services-item.default\">\n\t\t\t\t<div class=\"elementor-widget-container\">\n\t\t\t\t\t<div class=\"service-item service--widget\"><div class=\"service-content\"><span class=\"services_icon\"><i aria-hidden=\"true\" class=\"fas fa-file-archive\"><\/i><\/span><h5 class=\"services_title alt-font\">Documents papier<\/h5><div class=\"service-desc\"><p class=\"service_summary\"> Ceux-ci sont conserv\u00e9s dans des bo\u00eetes en carton sp\u00e9ciales, \u00e9tiquet\u00e9s avec un num\u00e9ro d\u2019archivage, puis stock\u00e9s dans notre salle des coffres.<\/p><\/div><\/div><\/div>\t\t\t\t<\/div>\n\t\t\t\t<\/div>\n\t\t\t\t\t<\/div>\n\t\t<\/div>\n\t\t\t\t<div class=\"elementor-column elementor-col-33 elementor-inner-column elementor-element elementor-element-2f5966e1\" data-id=\"2f5966e1\" data-element_type=\"column\">\n\t\t\t<div class=\"elementor-widget-wrap elementor-element-populated\">\n\t\t\t\t\t\t<div class=\"elementor-element elementor-element-601746aa elementor-widget-tablet__width-auto elementor-widget__width-inherit elementor-widget elementor-widget-exline-services-item\" data-id=\"601746aa\" data-element_type=\"widget\" data-widget_type=\"exline-services-item.default\">\n\t\t\t\t<div class=\"elementor-widget-container\">\n\t\t\t\t\t<div class=\"service-item service--widget\"><div class=\"service-content\"><span class=\"services_icon\"><i aria-hidden=\"true\" class=\"fas fa-piggy-bank\"><\/i><\/span><h5 class=\"services_title alt-font\">Compte bancaire <\/h5><div class=\"service-desc\"><p class=\"service_summary\">Il n\u2019est pas n\u00e9cessaire d\u2019ouvrir un compte bancaire pour d\u00e9poser des biens dans notre salle des coffres.<\/p><\/div><\/div><\/div>\t\t\t\t<\/div>\n\t\t\t\t<\/div>\n\t\t\t\t\t<\/div>\n\t\t<\/div>\n\t\t\t\t\t<\/div>\n\t\t<\/div>\n\t\t\t\t\t<\/div>\n\t\t<\/div>\n\t\t\t\t\t<\/div>\n\t\t<\/div>\n\t\t\t\t<\/div>","protected":false},"excerpt":{"rendered":"<p>I nostri Servizi Perch\u00e9 scegliere le nostre cassette di sicurezza private in Ticino Le nostre cassette di sicurezza \u00a0rappresentano una soluzione sicura e discreta per la custodia di beni preziosi e documenti importanti\u00a0 \u00a0 A differenza delle tradizionali cassette bancarie, offriamo un servizio indipendente, accessibile su appuntamento e senza obbligo di conto corrente. Il nostro caveau \u00e8 progettato con sistemi [&hellip;]<\/p>\n","protected":false},"author":2,"featured_media":0,"parent":0,"menu_order":0,"comment_status":"closed","ping_status":"closed","template":"exline-elementor-page.php","meta":{"inline_featured_image":false,"footnotes":""},"class_list":["post-955","page","type-page","status-publish","hentry"],"yoast_head":"<!-- This site is optimized with the Yoast SEO plugin v26.0 - https:\/\/yoast.com\/wordpress\/plugins\/seo\/ -->\n<title>Affitto Cassette di Sicurezza Private in Ticino | Gestisafe<\/title>\n<meta name=\"description\" content=\"Gestisafe offre cassette di sicurezza private in Ticino con accesso riservato, caveau protetto e massima discrezione.\" \/>\n<meta name=\"robots\" content=\"index, follow, max-snippet:-1, max-image-preview:large, max-video-preview:-1\" \/>\n<link rel=\"canonical\" href=\"https:\/\/gestisafe.ch\/fr\/cassette-di-sicurezza-ticino\/\" \/>\n<meta property=\"og:locale\" content=\"fr_FR\" \/>\n<meta property=\"og:type\" content=\"article\" \/>\n<meta property=\"og:title\" content=\"Affitto Cassette di Sicurezza Private in Ticino | Gestisafe\" \/>\n<meta property=\"og:description\" content=\"Gestisafe offre cassette di sicurezza private in Ticino con accesso riservato, caveau protetto e massima discrezione.\" \/>\n<meta property=\"og:url\" content=\"https:\/\/gestisafe.ch\/fr\/cassette-di-sicurezza-ticino\/\" \/>\n<meta property=\"og:site_name\" content=\"Gestisafe SA\" \/>\n<meta property=\"article:modified_time\" content=\"2026-05-05T10:29:34+00:00\" \/>\n<meta name=\"twitter:card\" content=\"summary_large_image\" \/>\n<meta name=\"twitter:label1\" content=\"Dur\u00e9e de lecture estim\u00e9e\" \/>\n\t<meta name=\"twitter:data1\" content=\"2 minutes\" \/>\n<script type=\"application\/ld+json\" class=\"yoast-schema-graph\">{\"@context\":\"https:\/\/schema.org\",\"@graph\":[{\"@type\":\"WebPage\",\"@id\":\"https:\/\/gestisafe.ch\/cassette-di-sicurezza-ticino\/\",\"url\":\"https:\/\/gestisafe.ch\/cassette-di-sicurezza-ticino\/\",\"name\":\"Affitto Cassette di Sicurezza Private in Ticino | Gestisafe\",\"isPartOf\":{\"@id\":\"https:\/\/gestisafe.ch\/#website\"},\"datePublished\":\"2023-02-27T10:38:42+00:00\",\"dateModified\":\"2026-05-05T10:29:34+00:00\",\"description\":\"Gestisafe offre cassette di sicurezza private in Ticino con accesso riservato, caveau protetto e massima discrezione.\",\"breadcrumb\":{\"@id\":\"https:\/\/gestisafe.ch\/cassette-di-sicurezza-ticino\/#breadcrumb\"},\"inLanguage\":\"fr-FR\",\"potentialAction\":[{\"@type\":\"ReadAction\",\"target\":[\"https:\/\/gestisafe.ch\/cassette-di-sicurezza-ticino\/\"]}]},{\"@type\":\"BreadcrumbList\",\"@id\":\"https:\/\/gestisafe.ch\/cassette-di-sicurezza-ticino\/#breadcrumb\",\"itemListElement\":[{\"@type\":\"ListItem\",\"position\":1,\"name\":\"Home\",\"item\":\"https:\/\/gestisafe.ch\/\"},{\"@type\":\"ListItem\",\"position\":2,\"name\":\"Cassette di sicurezza private in Ticino\"}]},{\"@type\":\"WebSite\",\"@id\":\"https:\/\/gestisafe.ch\/#website\",\"url\":\"https:\/\/gestisafe.ch\/\",\"name\":\"Gestisafe SA\",\"description\":\"\",\"potentialAction\":[{\"@type\":\"SearchAction\",\"target\":{\"@type\":\"EntryPoint\",\"urlTemplate\":\"https:\/\/gestisafe.ch\/?s={search_term_string}\"},\"query-input\":{\"@type\":\"PropertyValueSpecification\",\"valueRequired\":true,\"valueName\":\"search_term_string\"}}],\"inLanguage\":\"fr-FR\"}]}<\/script>\n<!-- \/ Yoast SEO plugin. -->","yoast_head_json":{"title":"Affitto Cassette di Sicurezza Private in Ticino | Gestisafe","description":"Gestisafe offre cassette di sicurezza private in Ticino con accesso riservato, caveau protetto e massima discrezione.","robots":{"index":"index","follow":"follow","max-snippet":"max-snippet:-1","max-image-preview":"max-image-preview:large","max-video-preview":"max-video-preview:-1"},"canonical":"https:\/\/gestisafe.ch\/fr\/cassette-di-sicurezza-ticino\/","og_locale":"fr_FR","og_type":"article","og_title":"Affitto Cassette di Sicurezza Private in Ticino | Gestisafe","og_description":"Gestisafe offre cassette di sicurezza private in Ticino con accesso riservato, caveau protetto e massima discrezione.","og_url":"https:\/\/gestisafe.ch\/fr\/cassette-di-sicurezza-ticino\/","og_site_name":"Gestisafe SA","article_modified_time":"2026-05-05T10:29:34+00:00","twitter_card":"summary_large_image","twitter_misc":{"Dur\u00e9e de lecture estim\u00e9e":"2 minutes"},"schema":{"@context":"https:\/\/schema.org","@graph":[{"@type":"WebPage","@id":"https:\/\/gestisafe.ch\/cassette-di-sicurezza-ticino\/","url":"https:\/\/gestisafe.ch\/cassette-di-sicurezza-ticino\/","name":"Affitto Cassette di Sicurezza Private in Ticino | Gestisafe","isPartOf":{"@id":"https:\/\/gestisafe.ch\/#website"},"datePublished":"2023-02-27T10:38:42+00:00","dateModified":"2026-05-05T10:29:34+00:00","description":"Gestisafe offre cassette di sicurezza private in Ticino con accesso riservato, caveau protetto e massima discrezione.","breadcrumb":{"@id":"https:\/\/gestisafe.ch\/cassette-di-sicurezza-ticino\/#breadcrumb"},"inLanguage":"fr-FR","potentialAction":[{"@type":"ReadAction","target":["https:\/\/gestisafe.ch\/cassette-di-sicurezza-ticino\/"]}]},{"@type":"BreadcrumbList","@id":"https:\/\/gestisafe.ch\/cassette-di-sicurezza-ticino\/#breadcrumb","itemListElement":[{"@type":"ListItem","position":1,"name":"Home","item":"https:\/\/gestisafe.ch\/"},{"@type":"ListItem","position":2,"name":"Cassette di sicurezza private in Ticino"}]},{"@type":"WebSite","@id":"https:\/\/gestisafe.ch\/#website","url":"https:\/\/gestisafe.ch\/","name":"Gestisafe SA","description":"","potentialAction":[{"@type":"SearchAction","target":{"@type":"EntryPoint","urlTemplate":"https:\/\/gestisafe.ch\/?s={search_term_string}"},"query-input":{"@type":"PropertyValueSpecification","valueRequired":true,"valueName":"search_term_string"}}],"inLanguage":"fr-FR"}]}},"_links":{"self":[{"href":"https:\/\/gestisafe.ch\/fr\/wp-json\/wp\/v2\/pages\/955","targetHints":{"allow":["GET"]}}],"collection":[{"href":"https:\/\/gestisafe.ch\/fr\/wp-json\/wp\/v2\/pages"}],"about":[{"href":"https:\/\/gestisafe.ch\/fr\/wp-json\/wp\/v2\/types\/page"}],"author":[{"embeddable":true,"href":"https:\/\/gestisafe.ch\/fr\/wp-json\/wp\/v2\/users\/2"}],"replies":[{"embeddable":true,"href":"https:\/\/gestisafe.ch\/fr\/wp-json\/wp\/v2\/comments?post=955"}],"version-history":[{"count":26,"href":"https:\/\/gestisafe.ch\/fr\/wp-json\/wp\/v2\/pages\/955\/revisions"}],"predecessor-version":[{"id":1708,"href":"https:\/\/gestisafe.ch\/fr\/wp-json\/wp\/v2\/pages\/955\/revisions\/1708"}],"wp:attachment":[{"href":"https:\/\/gestisafe.ch\/fr\/wp-json\/wp\/v2\/media?parent=955"}],"curies":[{"name":"wp","href":"https:\/\/api.w.org\/{rel}","templated":true}]}}