{"id":989,"date":"2023-02-27T11:19:30","date_gmt":"2023-02-27T11:19:30","guid":{"rendered":"https:\/\/gestisafe.ch\/test\/?page_id=989"},"modified":"2026-04-29T08:53:59","modified_gmt":"2026-04-29T08:53:59","slug":"informazioni","status":"publish","type":"page","link":"https:\/\/gestisafe.ch\/ru\/informazioni\/","title":{"rendered":"\u0418\u043d\u0444\u043e\u0440\u043c\u0430\u0446\u0438\u044f"},"content":{"rendered":"<div data-elementor-type=\"wp-page\" data-elementor-id=\"989\" class=\"elementor elementor-989\" data-elementor-post-type=\"page\">\n\t\t\t\t\t\t<section data-exline-parallax=\"{&quot;type&quot;:&quot;scroll&quot;,&quot;speed&quot;:&quot;0.2&quot;,&quot;imgsize&quot;:&quot;cover&quot;,&quot;imgsrc&quot;:&quot;https:\/\/gestisafe.ch\/wp-content\/uploads\/2023\/02\/PAGINE_GS-07.png&quot;,&quot;mobile&quot;:&quot;&quot;}\" class=\"elementor-section elementor-top-section elementor-element elementor-element-46dee5b7 elementor-section-height-min-height elementor-section-content-middle exline-parallax jarallax parallax-yes elementor-section-boxed elementor-section-height-default elementor-section-items-middle\" data-id=\"46dee5b7\" data-element_type=\"section\" id=\"home\" data-settings=\"{&quot;background_background&quot;:&quot;classic&quot;}\">\n\t\t\t\t\t\t\t<div class=\"elementor-background-overlay\"><\/div>\n\t\t\t\t\t\t\t<div class=\"elementor-container elementor-column-gap-default\">\n\t\t\t\t\t<div class=\"elementor-column elementor-col-100 elementor-top-column elementor-element elementor-element-31640a6\" data-id=\"31640a6\" data-element_type=\"column\">\n\t\t\t<div class=\"elementor-widget-wrap elementor-element-populated\">\n\t\t\t\t\t\t<div class=\"elementor-element elementor-element-4405e7f9 elementor-invisible elementor-widget elementor-widget-heading\" data-id=\"4405e7f9\" data-element_type=\"widget\" data-settings=\"{&quot;_animation&quot;:&quot;fadeInUp&quot;,&quot;_animation_delay&quot;:1250}\" data-widget_type=\"heading.default\">\n\t\t\t\t<div class=\"elementor-widget-container\">\n\t\t\t\t\t<h1 class=\"elementor-heading-title elementor-size-default\">\u041f\u043e\u043b\u0435\u0437\u043d\u0430\u044f \u0438\u043d\u0444\u043e\u0440\u043c\u0430\u0446\u0438\u044f<\/h1>\t\t\t\t<\/div>\n\t\t\t\t<\/div>\n\t\t\t\t<div class=\"elementor-element elementor-element-40b89d2 animated-slow elementor-absolute elementor-invisible elementor-widget elementor-widget-html\" data-id=\"40b89d2\" data-element_type=\"widget\" data-settings=\"{&quot;_animation&quot;:&quot;fadeInUp&quot;,&quot;_animation_delay&quot;:1750,&quot;_position&quot;:&quot;absolute&quot;}\" data-widget_type=\"html.default\">\n\t\t\t\t<div class=\"elementor-widget-container\">\n\t\t\t\t\t<a href=\"#about\" data-start=\"display: block\" data-100-start=\"display: none\" class=\"btn-scroll-down scroll skrollable skrollable-between\" style=\"display: block;position:relative;top:0;\"><\/a>\t\t\t\t<\/div>\n\t\t\t\t<\/div>\n\t\t\t\t\t<\/div>\n\t\t<\/div>\n\t\t\t\t\t<\/div>\n\t\t<\/section>\n\t\t\t\t<div class=\"elementor-section elementor-top-section elementor-element elementor-element-261d0e84 elementor-section-boxed elementor-section-height-default elementor-section-height-default\" data-id=\"261d0e84\" data-element_type=\"section\" id=\"services\" data-settings=\"{&quot;background_background&quot;:&quot;classic&quot;}\">\n\t\t\t\t\t\t<div class=\"elementor-container elementor-column-gap-default\">\n\t\t\t\t\t<div class=\"elementor-column elementor-col-100 elementor-top-column elementor-element elementor-element-78c36e2\" data-id=\"78c36e2\" data-element_type=\"column\">\n\t\t\t<div class=\"elementor-widget-wrap elementor-element-populated\">\n\t\t\t\t\t\t<div class=\"elementor-element elementor-element-61b76fd elementor-widget elementor-widget-heading\" data-id=\"61b76fd\" data-element_type=\"widget\" id=\"about\" data-widget_type=\"heading.default\">\n\t\t\t\t<div class=\"elementor-widget-container\">\n\t\t\t\t\t<h3 class=\"elementor-heading-title elementor-size-default\">\u041c\u044b \u0433\u0430\u0440\u0430\u043d\u0442\u0438\u0440\u0443\u0435\u043c \u0431\u0435\u0437\u043e\u043f\u0430\u0441\u043d\u043e\u0441\u0442\u044c, \u0441\u0442\u0430\u0431\u0438\u043b\u044c\u043d\u043e\u0441\u0442\u044c \u0438 \u043d\u0435\u043f\u0440\u0435\u0440\u044b\u0432\u043d\u043e\u0441\u0442\u044c \u043e\u0431\u0441\u043b\u0443\u0436\u0438\u0432\u0430\u043d\u0438\u044f \u0431\u043b\u0430\u0433\u043e\u0434\u0430\u0440\u044f:<\/h3>\t\t\t\t<\/div>\n\t\t\t\t<\/div>\n\t\t\t\t<div class=\"elementor-element elementor-element-acaefec elementor-align-center elementor-mobile-align-left elementor-icon-list--layout-traditional elementor-list-item-link-full_width elementor-widget elementor-widget-icon-list\" data-id=\"acaefec\" data-element_type=\"widget\" data-widget_type=\"icon-list.default\">\n\t\t\t\t<div class=\"elementor-widget-container\">\n\t\t\t\t\t\t\t<ul class=\"elementor-icon-list-items\">\n\t\t\t\t\t\t\t<li class=\"elementor-icon-list-item\">\n\t\t\t\t\t\t\t\t\t\t\t<span class=\"elementor-icon-list-icon\">\n\t\t\t\t\t\t\t<i aria-hidden=\"true\" class=\"fas fa-check\"><\/i>\t\t\t\t\t\t<\/span>\n\t\t\t\t\t\t\t\t\t\t<span class=\"elementor-icon-list-text\">\u2022 \u0421\u043e\u0431\u0441\u0442\u0432\u0435\u043d\u043d\u044b\u043c \u0445\u0440\u0430\u043d\u0438\u043b\u0438\u0449\u0430\u043c \u0441 \u0441\u0435\u0439\u0444\u043e\u0432\u044b\u043c\u0438 \u044f\u0447\u0435\u0439\u043a\u0430\u043c\u0438 \u0440\u0430\u0437\u043b\u0438\u0447\u043d\u044b\u0445 \u0440\u0430\u0437\u043c\u0435\u0440\u043e\u0432 \u0432 \u0428\u0432\u0435\u0439\u0446\u0430\u0440\u0438\u0438<\/span>\n\t\t\t\t\t\t\t\t\t<\/li>\n\t\t\t\t\t\t\t\t<li class=\"elementor-icon-list-item\">\n\t\t\t\t\t\t\t\t\t\t\t<span class=\"elementor-icon-list-icon\">\n\t\t\t\t\t\t\t<i aria-hidden=\"true\" class=\"fas fa-check\"><\/i>\t\t\t\t\t\t<\/span>\n\t\t\t\t\t\t\t\t\t\t<span class=\"elementor-icon-list-text\">\u2022 \u0423\u0441\u0442\u0430\u0432\u043d\u043e\u043c\u0443 \u043a\u0430\u043f\u0438\u0442\u0430\u043b\u0443 \u0432 \u0440\u0430\u0437\u043c\u0435\u0440\u0435 CHF xxx\u2019xxx.<\/span>\n\t\t\t\t\t\t\t\t\t<\/li>\n\t\t\t\t\t\t\t\t<li class=\"elementor-icon-list-item\">\n\t\t\t\t\t\t\t\t\t\t\t<span class=\"elementor-icon-list-icon\">\n\t\t\t\t\t\t\t<i aria-hidden=\"true\" class=\"fas fa-check\"><\/i>\t\t\t\t\t\t<\/span>\n\t\t\t\t\t\t\t\t\t\t<span class=\"elementor-icon-list-text\">\u2022 \u041f\u0440\u043e\u0444\u0435\u0441\u0441\u0438\u043e\u043d\u0430\u043b\u0438\u0437\u043c\u0443 \u0438 \u043e\u043f\u044b\u0442\u0443 \u0441 2009 \u0433\u043e\u0434\u0430<\/span>\n\t\t\t\t\t\t\t\t\t<\/li>\n\t\t\t\t\t\t\t\t<li class=\"elementor-icon-list-item\">\n\t\t\t\t\t\t\t\t\t\t\t<span class=\"elementor-icon-list-icon\">\n\t\t\t\t\t\t\t<i aria-hidden=\"true\" class=\"fas fa-check\"><\/i>\t\t\t\t\t\t<\/span>\n\t\t\t\t\t\t\t\t\t\t<span class=\"elementor-icon-list-text\">\u2022 \u041e\u0442\u0441\u0443\u0442\u0441\u0442\u0432\u0438\u044e \u043d\u0435\u043e\u0431\u0445\u043e\u0434\u0438\u043c\u043e\u0441\u0442\u0438 \u043e\u0442\u043a\u0440\u044b\u0432\u0430\u0442\u044c \u043f\u0440\u0438\u0432\u044f\u0437\u0430\u043d\u043d\u044b\u0439 \u0431\u0430\u043d\u043a\u043e\u0432\u0441\u043a\u0438\u0439 \u0441\u0447\u0451\u0442<\/span>\n\t\t\t\t\t\t\t\t\t<\/li>\n\t\t\t\t\t\t\t\t<li class=\"elementor-icon-list-item\">\n\t\t\t\t\t\t\t\t\t\t\t<span class=\"elementor-icon-list-icon\">\n\t\t\t\t\t\t\t<i aria-hidden=\"true\" class=\"fas fa-check\"><\/i>\t\t\t\t\t\t<\/span>\n\t\t\t\t\t\t\t\t\t\t<span class=\"elementor-icon-list-text\">\u2022 \u0421\u0435\u0439\u0444\u043e\u0432\u044b\u0435 \u044f\u0447\u0435\u0439\u043a\u0438 \u0437\u0430\u0441\u0442\u0440\u0430\u0445\u043e\u0432\u0430\u043d\u044b \u043d\u0430 \u0443\u0440\u043e\u0432\u043d\u0435, \u043a\u0430\u043a \u0432 \u0431\u0430\u043d\u043a\u0435<\/span>\n\t\t\t\t\t\t\t\t\t<\/li>\n\t\t\t\t\t\t\t\t<li class=\"elementor-icon-list-item\">\n\t\t\t\t\t\t\t\t\t\t\t<span class=\"elementor-icon-list-icon\">\n\t\t\t\t\t\t\t<i aria-hidden=\"true\" class=\"fas fa-check\"><\/i>\t\t\t\t\t\t<\/span>\n\t\t\t\t\t\t\t\t\t\t<span class=\"elementor-icon-list-text\">\u2022 \u041d\u0430\u0448\u0430 \u0441\u0442\u0440\u0430\u0445\u043e\u0432\u043a\u0430 \u0441\u043e\u043e\u0442\u0432\u0435\u0442\u0441\u0442\u0432\u0443\u0435\u0442 \u0443\u0440\u043e\u0432\u043d\u044e \u0445\u0440\u0430\u043d\u0438\u043b\u0438\u0449\u0430 1-\u0433\u043e \u043a\u043b\u0430\u0441\u0441\u0430<\/span>\n\t\t\t\t\t\t\t\t\t<\/li>\n\t\t\t\t\t\t\t\t<li class=\"elementor-icon-list-item\">\n\t\t\t\t\t\t\t\t\t\t\t<span class=\"elementor-icon-list-icon\">\n\t\t\t\t\t\t\t<i aria-hidden=\"true\" class=\"fas fa-check\"><\/i>\t\t\t\t\t\t<\/span>\n\t\t\t\t\t\t\t\t\t\t<span class=\"elementor-icon-list-text\">\u2022 \u0414\u043e\u0441\u0442\u0443\u043f \u0432 \u0431\u0443\u0434\u043d\u0438\u0435 \u0434\u043d\u0438 \u0441 8:00 \u0434\u043e 17:00<\/span>\n\t\t\t\t\t\t\t\t\t<\/li>\n\t\t\t\t\t\t\t\t<li class=\"elementor-icon-list-item\">\n\t\t\t\t\t\t\t\t\t\t\t<span class=\"elementor-icon-list-icon\">\n\t\t\t\t\t\t\t<i aria-hidden=\"true\" class=\"fas fa-check\"><\/i>\t\t\t\t\t\t<\/span>\n\t\t\t\t\t\t\t\t\t\t<span class=\"elementor-icon-list-text\">\u2022 \u0421 12:00 \u0434\u043e 13:00 \u0438 \u0441 16:00 \u0434\u043e 17:00 \u2014 \u0442\u043e\u043b\u044c\u043a\u043e \u043f\u043e \u043f\u0440\u0435\u0434\u0432\u0430\u0440\u0438\u0442\u0435\u043b\u044c\u043d\u043e\u0439 \u0437\u0430\u043f\u0438\u0441\u0438<\/span>\n\t\t\t\t\t\t\t\t\t<\/li>\n\t\t\t\t\t\t\t\t<li class=\"elementor-icon-list-item\">\n\t\t\t\t\t\t\t\t\t\t\t<span class=\"elementor-icon-list-icon\">\n\t\t\t\t\t\t\t<i aria-hidden=\"true\" class=\"fas fa-check\"><\/i>\t\t\t\t\t\t<\/span>\n\t\t\t\t\t\t\t\t\t\t<span class=\"elementor-icon-list-text\">\u0411\u043b\u0438\u0436\u0430\u0439\u0448\u0438\u0435 \u043f\u0440\u0430\u0437\u0434\u043d\u0438\u0447\u043d\u044b\u0435 \u0434\u043d\u0438 (\u0437\u0430\u043a\u0440\u044b\u0442\u043e): 01.05 \/ 14.05 \/ 25.05 \/ 04.06 \/ 29.06<\/span>\n\t\t\t\t\t\t\t\t\t<\/li>\n\t\t\t\t\t\t<\/ul>\n\t\t\t\t\t\t<\/div>\n\t\t\t\t<\/div>\n\t\t\t\t\t<\/div>\n\t\t<\/div>\n\t\t\t\t\t<\/div>\n\t\t<\/div>\n\t\t\t\t<\/div>","protected":false},"excerpt":{"rendered":"<p>Informazioni utili Garantiamo sicurezza, stabilit\u00e0 e continuit\u00e0 del servizio grazie a: Caveau con cassette di sicurezza in Svizzera di diverse dimensioni di nostra propriet\u00e0 Capitale azionario di CHF 400\u2019000.- Professionalit\u00e0 ed esperienza dal 2009 Nessun obbligo di apertura di un conto bancario d\u2019appoggio Le cassette di sicurezza sono assicurate come presso una banca. La nostra assicurazione \u00e8 pari al livello [&hellip;]<\/p>\n","protected":false},"author":2,"featured_media":0,"parent":0,"menu_order":0,"comment_status":"closed","ping_status":"closed","template":"exline-elementor-page.php","meta":{"inline_featured_image":false,"footnotes":""},"class_list":["post-989","page","type-page","status-publish","hentry"],"yoast_head":"<!-- This site is optimized with the Yoast SEO plugin v26.0 - https:\/\/yoast.com\/wordpress\/plugins\/seo\/ -->\n<title>Informazioni - Gestisafe SA<\/title>\n<meta name=\"robots\" content=\"index, follow, max-snippet:-1, max-image-preview:large, max-video-preview:-1\" \/>\n<link rel=\"canonical\" href=\"https:\/\/gestisafe.ch\/ru\/informazioni\/\" \/>\n<meta property=\"og:locale\" content=\"ru_RU\" \/>\n<meta property=\"og:type\" content=\"article\" \/>\n<meta property=\"og:title\" content=\"Informazioni - Gestisafe SA\" \/>\n<meta property=\"og:description\" content=\"Informazioni utili Garantiamo sicurezza, stabilit\u00e0 e continuit\u00e0 del servizio grazie a: Caveau con cassette di sicurezza in Svizzera di diverse dimensioni di nostra propriet\u00e0 Capitale azionario di CHF 400\u2019000.- Professionalit\u00e0 ed esperienza dal 2009 Nessun obbligo di apertura di un conto bancario d\u2019appoggio Le cassette di sicurezza sono assicurate come presso una banca. La nostra assicurazione \u00e8 pari al livello [&hellip;]\" \/>\n<meta property=\"og:url\" content=\"https:\/\/gestisafe.ch\/ru\/informazioni\/\" \/>\n<meta property=\"og:site_name\" content=\"Gestisafe SA\" \/>\n<meta property=\"article:modified_time\" content=\"2026-04-29T08:53:59+00:00\" \/>\n<meta name=\"twitter:card\" content=\"summary_large_image\" \/>\n<meta name=\"twitter:label1\" content=\"\u041f\u0440\u0438\u043c\u0435\u0440\u043d\u043e\u0435 \u0432\u0440\u0435\u043c\u044f \u0434\u043b\u044f \u0447\u0442\u0435\u043d\u0438\u044f\" \/>\n\t<meta name=\"twitter:data1\" content=\"1 \u043c\u0438\u043d\u0443\u0442\u0430\" \/>\n<script type=\"application\/ld+json\" class=\"yoast-schema-graph\">{\"@context\":\"https:\/\/schema.org\",\"@graph\":[{\"@type\":\"WebPage\",\"@id\":\"https:\/\/gestisafe.ch\/informazioni\/\",\"url\":\"https:\/\/gestisafe.ch\/informazioni\/\",\"name\":\"Informazioni - Gestisafe SA\",\"isPartOf\":{\"@id\":\"https:\/\/gestisafe.ch\/#website\"},\"datePublished\":\"2023-02-27T11:19:30+00:00\",\"dateModified\":\"2026-04-29T08:53:59+00:00\",\"breadcrumb\":{\"@id\":\"https:\/\/gestisafe.ch\/informazioni\/#breadcrumb\"},\"inLanguage\":\"ru-RU\",\"potentialAction\":[{\"@type\":\"ReadAction\",\"target\":[\"https:\/\/gestisafe.ch\/informazioni\/\"]}]},{\"@type\":\"BreadcrumbList\",\"@id\":\"https:\/\/gestisafe.ch\/informazioni\/#breadcrumb\",\"itemListElement\":[{\"@type\":\"ListItem\",\"position\":1,\"name\":\"Home\",\"item\":\"https:\/\/gestisafe.ch\/\"},{\"@type\":\"ListItem\",\"position\":2,\"name\":\"Informazioni\"}]},{\"@type\":\"WebSite\",\"@id\":\"https:\/\/gestisafe.ch\/#website\",\"url\":\"https:\/\/gestisafe.ch\/\",\"name\":\"Gestisafe SA\",\"description\":\"\",\"potentialAction\":[{\"@type\":\"SearchAction\",\"target\":{\"@type\":\"EntryPoint\",\"urlTemplate\":\"https:\/\/gestisafe.ch\/?s={search_term_string}\"},\"query-input\":{\"@type\":\"PropertyValueSpecification\",\"valueRequired\":true,\"valueName\":\"search_term_string\"}}],\"inLanguage\":\"ru-RU\"}]}<\/script>\n<!-- \/ Yoast SEO plugin. -->","yoast_head_json":{"title":"Informazioni - Gestisafe SA","robots":{"index":"index","follow":"follow","max-snippet":"max-snippet:-1","max-image-preview":"max-image-preview:large","max-video-preview":"max-video-preview:-1"},"canonical":"https:\/\/gestisafe.ch\/ru\/informazioni\/","og_locale":"ru_RU","og_type":"article","og_title":"Informazioni - Gestisafe SA","og_description":"Informazioni utili Garantiamo sicurezza, stabilit\u00e0 e continuit\u00e0 del servizio grazie a: Caveau con cassette di sicurezza in Svizzera di diverse dimensioni di nostra propriet\u00e0 Capitale azionario di CHF 400\u2019000.- Professionalit\u00e0 ed esperienza dal 2009 Nessun obbligo di apertura di un conto bancario d\u2019appoggio Le cassette di sicurezza sono assicurate come presso una banca. La nostra assicurazione \u00e8 pari al livello [&hellip;]","og_url":"https:\/\/gestisafe.ch\/ru\/informazioni\/","og_site_name":"Gestisafe SA","article_modified_time":"2026-04-29T08:53:59+00:00","twitter_card":"summary_large_image","twitter_misc":{"\u041f\u0440\u0438\u043c\u0435\u0440\u043d\u043e\u0435 \u0432\u0440\u0435\u043c\u044f \u0434\u043b\u044f \u0447\u0442\u0435\u043d\u0438\u044f":"1 \u043c\u0438\u043d\u0443\u0442\u0430"},"schema":{"@context":"https:\/\/schema.org","@graph":[{"@type":"WebPage","@id":"https:\/\/gestisafe.ch\/informazioni\/","url":"https:\/\/gestisafe.ch\/informazioni\/","name":"Informazioni - Gestisafe SA","isPartOf":{"@id":"https:\/\/gestisafe.ch\/#website"},"datePublished":"2023-02-27T11:19:30+00:00","dateModified":"2026-04-29T08:53:59+00:00","breadcrumb":{"@id":"https:\/\/gestisafe.ch\/informazioni\/#breadcrumb"},"inLanguage":"ru-RU","potentialAction":[{"@type":"ReadAction","target":["https:\/\/gestisafe.ch\/informazioni\/"]}]},{"@type":"BreadcrumbList","@id":"https:\/\/gestisafe.ch\/informazioni\/#breadcrumb","itemListElement":[{"@type":"ListItem","position":1,"name":"Home","item":"https:\/\/gestisafe.ch\/"},{"@type":"ListItem","position":2,"name":"Informazioni"}]},{"@type":"WebSite","@id":"https:\/\/gestisafe.ch\/#website","url":"https:\/\/gestisafe.ch\/","name":"Gestisafe SA","description":"","potentialAction":[{"@type":"SearchAction","target":{"@type":"EntryPoint","urlTemplate":"https:\/\/gestisafe.ch\/?s={search_term_string}"},"query-input":{"@type":"PropertyValueSpecification","valueRequired":true,"valueName":"search_term_string"}}],"inLanguage":"ru-RU"}]}},"_links":{"self":[{"href":"https:\/\/gestisafe.ch\/ru\/wp-json\/wp\/v2\/pages\/989","targetHints":{"allow":["GET"]}}],"collection":[{"href":"https:\/\/gestisafe.ch\/ru\/wp-json\/wp\/v2\/pages"}],"about":[{"href":"https:\/\/gestisafe.ch\/ru\/wp-json\/wp\/v2\/types\/page"}],"author":[{"embeddable":true,"href":"https:\/\/gestisafe.ch\/ru\/wp-json\/wp\/v2\/users\/2"}],"replies":[{"embeddable":true,"href":"https:\/\/gestisafe.ch\/ru\/wp-json\/wp\/v2\/comments?post=989"}],"version-history":[{"count":14,"href":"https:\/\/gestisafe.ch\/ru\/wp-json\/wp\/v2\/pages\/989\/revisions"}],"predecessor-version":[{"id":1687,"href":"https:\/\/gestisafe.ch\/ru\/wp-json\/wp\/v2\/pages\/989\/revisions\/1687"}],"wp:attachment":[{"href":"https:\/\/gestisafe.ch\/ru\/wp-json\/wp\/v2\/media?parent=989"}],"curies":[{"name":"wp","href":"https:\/\/api.w.org\/{rel}","templated":true}]}}